{"id":8,"date":"2020-09-24T19:05:47","date_gmt":"2020-09-24T16:05:47","guid":{"rendered":"http:\/\/wese.fi\/?page_id=8"},"modified":"2025-05-08T08:44:33","modified_gmt":"2025-05-08T05:44:33","slug":"8-2","status":"publish","type":"page","link":"https:\/\/wese.fi\/","title":{"rendered":"Etusivu"},"content":{"rendered":"<p>[et_pb_section fb_built=&#8221;1&#8243; _builder_version=&#8221;4.16&#8243; _module_preset=&#8221;default&#8221; use_background_color_gradient=&#8221;on&#8221; background_color_gradient_type=&#8221;circular&#8221; background_color_gradient_stops=&#8221;#161616 0%|#efefef 100%&#8221; background_color_gradient_start=&#8221;#161616&#8243; background_color_gradient_end=&#8221;#efefef&#8221; background_image=&#8221;http:\/\/wese.fi\/wp-content\/uploads\/2020\/09\/Gamma_video_still_4-scaled.jpg&#8221; background_blend=&#8221;darken&#8221; animation_style=&#8221;fold&#8221; global_colors_info=&#8221;{}&#8221;][et_pb_row _builder_version=&#8221;4.16&#8243; _module_preset=&#8221;default&#8221; global_colors_info=&#8221;{}&#8221;][et_pb_column type=&#8221;4_4&#8243; _builder_version=&#8221;4.16&#8243; _module_preset=&#8221;default&#8221; global_colors_info=&#8221;{}&#8221;][et_pb_text _builder_version=&#8221;4.16&#8243; _module_preset=&#8221;default&#8221; custom_padding=&#8221;||0px|||&#8221; global_colors_info=&#8221;{}&#8221;]<\/p>\n<p><span style=\"font-size: medium;\"><span style=\"color: #ffffff;\">WE-Service Oy on p\u00e4\u00e4kaupunkiseudulla toimiva teollisuuden huoltopalveluihin sek\u00e4 teknisten tuotteiden myyntiin erikoistunut hitsausalan erikoisliike Vantaan Petikossa keskeisell\u00e4 paikalla hyvien liikenneyhteyksien p\u00e4\u00e4ss\u00e4.<\/span><\/span><\/p>\n<p><span style=\"font-size: medium;\"><span style=\"color: #ffffff;\"> Hitsaustuotteiden myynnin lis\u00e4ksi toimintamme keskittyy erilaisten koneiden ja laitteiden huoltoon.\u00a0Kemppi Oy:n valtuuttamana huoltoliikkeen\u00e4 ja alan erikoisosaajana omalta osaltamme voimme varmistaa asiakkaidemme tuotantotehokkuuden.<\/span><\/span><\/p>\n<p>[\/et_pb_text][\/et_pb_column][\/et_pb_row][et_pb_row column_structure=&#8221;1_2,1_2&#8243; _builder_version=&#8221;4.16&#8243; _module_preset=&#8221;default&#8221; global_colors_info=&#8221;{}&#8221;][et_pb_column type=&#8221;1_2&#8243; _builder_version=&#8221;4.16&#8243; _module_preset=&#8221;default&#8221; global_colors_info=&#8221;{}&#8221;][et_pb_text _builder_version=&#8221;4.16&#8243; _module_preset=&#8221;default&#8221; background_layout=&#8221;dark&#8221; width=&#8221;85.7%&#8221; custom_margin=&#8221;|-138px||||&#8221; global_colors_info=&#8221;{}&#8221;]<\/p>\n<p><strong style=\"font-size: medium;\"><span style=\"color: #f7f7f7;\">\u00a0<\/span><\/strong><\/p>\n<p><span style=\"font-size: small;\"><strong><span style=\"color: #f7f7f7;\">Huolto-ohjelmaamme kuuluu hitsauskoneiden lis\u00e4ksi my\u00f6s mm.<\/span><\/strong><\/span><\/p>\n<ul>\n<li>\n<p><span style=\"font-size: small;\"><strong><span style=\"color: #f7f7f7;\">paineilmakoneet mm. Fuji, IR..\u00a0<\/span><\/strong><\/span><\/p>\n<\/li>\n<li>\n<p><span style=\"font-size: small;\"><strong><span style=\"color: #f7f7f7;\">s\u00e4hk\u00f6ty\u00f6kalut mm. Metabo, Makita, Milwaukee..<\/span><\/strong><\/span><\/p>\n<\/li>\n<li>\n<p><span style=\"font-size: small;\"><strong><span style=\"color: #f7f7f7;\">putkenviistekoneet mm. Esco Tool..<\/span><\/strong><\/span><\/p>\n<\/li>\n<li>\n<p><span style=\"font-size: small;\"><strong><span lang=\"en-US\" style=\"color: #f7f7f7;\">koepainepumput mm. Elbima..<\/span><\/strong><\/span><\/p>\n<\/li>\n<li>\n<p><span style=\"font-size: small;\"><strong><span lang=\"en-US\" style=\"color: #f7f7f7;\">Ridgid, Rothenberger..<\/span><\/strong><\/span><\/p>\n<\/li>\n<li>\n<p><span style=\"font-size: small;\"><strong><span lang=\"en-US\" style=\"color: #f7f7f7;\">Ketjuviputaljat mm. Kito, Elephant..<\/span><\/strong><\/span><\/p>\n<\/li>\n<li>\n<p><span style=\"font-size: small;\"><strong><span lang=\"en-US\" style=\"color: #f7f7f7;\">Hydraulitunkit, v\u00e4\u00e4ntimet, <\/span><\/strong><\/span><\/p>\n<\/li>\n<li>\n<p><span style=\"font-size: small;\"><strong><span style=\"color: #f7f7f7;\">ty\u00f6kalut mm. Atlas Copco, Bva..<\/span><\/strong><\/span><\/p>\n<\/li>\n<li>\n<p><span style=\"font-size: small;\"><strong><span style=\"color: #f7f7f7;\">Momenttiavainten huolto ja kalibrointi\u2026<\/span><\/strong><\/span><\/p>\n<\/li>\n<\/ul>\n<h3><span size=\"3\" style=\"font-size: small; color: #f4f4f4;\"><\/span><\/h3>\n<p><span style=\"font-size: small;\">\u00a0<\/span><\/p>\n<p>[\/et_pb_text][\/et_pb_column][et_pb_column type=&#8221;1_2&#8243; _builder_version=&#8221;4.16&#8243; _module_preset=&#8221;default&#8221; global_colors_info=&#8221;{}&#8221;][\/et_pb_column][\/et_pb_row][\/et_pb_section]<\/p>\n","protected":false},"excerpt":{"rendered":"<p>WE-Service Oy on p\u00e4\u00e4kaupunkiseudulla toimiva teollisuuden huoltopalveluihin sek\u00e4 teknisten tuotteiden myyntiin erikoistunut hitsausalan erikoisliike Vantaan Petikossa keskeisell\u00e4 paikalla hyvien liikenneyhteyksien p\u00e4\u00e4ss\u00e4. Hitsaustuotteiden myynnin lis\u00e4ksi toimintamme keskittyy erilaisten koneiden ja laitteiden huoltoon.\u00a0Kemppi Oy:n valtuuttamana huoltoliikkeen\u00e4 ja alan erikoisosaajana omalta osaltamme voimme varmistaa asiakkaidemme tuotantotehokkuuden.\u00a0 Huolto-ohjelmaamme kuuluu hitsauskoneiden lis\u00e4ksi my\u00f6s mm. paineilmakoneet mm. Fuji, IR..\u00a0 s\u00e4hk\u00f6ty\u00f6kalut mm. [&hellip;]<\/p>\n","protected":false},"author":1,"featured_media":0,"parent":0,"menu_order":0,"comment_status":"closed","ping_status":"closed","template":"","meta":{"_et_pb_use_builder":"on","_et_pb_old_content":"","_et_gb_content_width":"","footnotes":""},"class_list":["post-8","page","type-page","status-publish","hentry"],"_links":{"self":[{"href":"https:\/\/wese.fi\/index.php?rest_route=\/wp\/v2\/pages\/8","targetHints":{"allow":["GET"]}}],"collection":[{"href":"https:\/\/wese.fi\/index.php?rest_route=\/wp\/v2\/pages"}],"about":[{"href":"https:\/\/wese.fi\/index.php?rest_route=\/wp\/v2\/types\/page"}],"author":[{"embeddable":true,"href":"https:\/\/wese.fi\/index.php?rest_route=\/wp\/v2\/users\/1"}],"replies":[{"embeddable":true,"href":"https:\/\/wese.fi\/index.php?rest_route=%2Fwp%2Fv2%2Fcomments&post=8"}],"version-history":[{"count":26,"href":"https:\/\/wese.fi\/index.php?rest_route=\/wp\/v2\/pages\/8\/revisions"}],"predecessor-version":[{"id":120,"href":"https:\/\/wese.fi\/index.php?rest_route=\/wp\/v2\/pages\/8\/revisions\/120"}],"wp:attachment":[{"href":"https:\/\/wese.fi\/index.php?rest_route=%2Fwp%2Fv2%2Fmedia&parent=8"}],"curies":[{"name":"wp","href":"https:\/\/api.w.org\/{rel}","templated":true}]}}